{"id":737,"date":"2022-12-15T15:36:44","date_gmt":"2022-12-15T15:36:44","guid":{"rendered":"https:\/\/sport-impact.org\/wp\/legal-notices\/"},"modified":"2023-02-10T15:34:31","modified_gmt":"2023-02-10T15:34:31","slug":"legal-notices","status":"publish","type":"page","link":"https:\/\/sport-impact.org\/en\/legal-notices\/","title":{"rendered":"Legal Notices"},"content":{"rendered":"\t\t<div data-elementor-type=\"wp-page\" data-elementor-id=\"737\" class=\"elementor elementor-737 elementor-722\" data-elementor-post-type=\"page\">\n\t\t\t\t\t\t<section class=\"elementor-section elementor-top-section elementor-element elementor-element-9a742fe elementor-section-height-min-height elementor-section-boxed elementor-section-height-default elementor-section-items-middle\" data-id=\"9a742fe\" data-element_type=\"section\" data-e-type=\"section\" data-settings=\"{&quot;background_background&quot;:&quot;classic&quot;}\">\n\t\t\t\t\t\t\t<div class=\"elementor-background-overlay\"><\/div>\n\t\t\t\t\t\t\t<div class=\"elementor-container elementor-column-gap-default\">\n\t\t\t\t\t<div class=\"elementor-column elementor-col-100 elementor-top-column elementor-element elementor-element-f36d1e2\" data-id=\"f36d1e2\" data-element_type=\"column\" data-e-type=\"column\">\n\t\t\t<div class=\"elementor-widget-wrap elementor-element-populated\">\n\t\t\t\t\t\t<div class=\"elementor-element elementor-element-7471165 elementor-widget elementor-widget-heading\" data-id=\"7471165\" data-element_type=\"widget\" data-e-type=\"widget\" data-widget_type=\"heading.default\">\n\t\t\t\t<div class=\"elementor-widget-container\">\n\t\t\t\t\t<h2 class=\"elementor-heading-title elementor-size-default\">Legal Notices<\/h2>\t\t\t\t<\/div>\n\t\t\t\t<\/div>\n\t\t\t\t\t<\/div>\n\t\t<\/div>\n\t\t\t\t\t<\/div>\n\t\t<\/section>\n\t\t\t\t<section class=\"elementor-section elementor-top-section elementor-element elementor-element-8ab919c elementor-section-boxed elementor-section-height-default elementor-section-height-default\" data-id=\"8ab919c\" data-element_type=\"section\" data-e-type=\"section\" id=\"etudes\">\n\t\t\t\t\t\t<div class=\"elementor-container elementor-column-gap-default\">\n\t\t\t\t\t<div class=\"elementor-column elementor-col-100 elementor-top-column elementor-element elementor-element-1e7e24a\" data-id=\"1e7e24a\" data-element_type=\"column\" data-e-type=\"column\">\n\t\t\t<div class=\"elementor-widget-wrap elementor-element-populated\">\n\t\t\t\t\t\t<div class=\"elementor-element elementor-element-19b21f3 elementor-widget elementor-widget-text-editor\" data-id=\"19b21f3\" data-element_type=\"widget\" data-e-type=\"widget\" data-widget_type=\"text-editor.default\">\n\t\t\t\t<div class=\"elementor-widget-container\">\n\t\t\t\t\t\t\t\t\t<p><strong>PUBLISHER : SPORT IMPACT SAS<\/strong><\/p><p>\u00a0<\/p><ul><li>Simplified joint-stock company (soci\u00e9t\u00e9 par actions simplifi\u00e9es, SAS) with a capital of 1,000,000 CFA Francs<\/li><li>Senegal Trade and Personal Property Credit Register, No. SN DKR 2020 B 8408.<\/li><li>Registered office: Rue 4 x Rue A Immeuble les Arcanes \u2013 Point E Dakar- Senegal<\/li><li>Telephone No.: +221 33 000 00 00<\/li><li>E-mail:\u00a0<a href=\"mailto:contact@sportencommun.org\">info@sport-impact.org<\/a><\/li><\/ul><p>\u00a0<\/p><p><strong>WEB HOST : PLANET WORK SAS<\/strong><\/p><ul><li>Simplified joint-stock company (SAS) with a capital of \u20ac50,000<\/li><li>Paris Trade and Companies Register, No. 334 580 800<\/li><li>Registered office: 231 rue Saint-Honor\u00e9, 75001 Paris \u2013 France<\/li><\/ul><p>\u00a0<\/p><p><strong>GENERAL CONDITIONS OF USE<\/strong><\/p><p>Every connection to Sport Impact (hereinafter, \u201cthe platform\u201d) requires prior acceptance of these terms and conditions. For internet users (hereinafter, \u201cthe user\u201d or \u201cthe users\u201d), simply accessing the platform shall be considered to be acceptance of all the conditions described herein and as an undertaking to adhere thereto.<\/p><p>The platform publisher endeavours to ensure that the information on the platform is accurate and up to date, and reserves the right to correct it, at any time and without prior notice. It cannot, however, guarantee its completeness nor that it has not been modified by a third party (intrusion, virus). Furthermore, the platform publisher accepts no liability, be it direct or indirect, for any delay, error or omission with respect to the content of these pages and the use that may be made of them by any persons, nor for any interruption to, or unavailability of, the service.<\/p><p>Anyone wishing to obtain one of the services provided on the platform should contact the publisher for information about the availability of the service in question and the contractual conditions applicable thereto. Access to the services described on the platform may be subject to restrictions for certain persons or in certain countries.<\/p><p>None of the services provided on the platform will be supplied by the publisher to a person if the law of their country of origin, or of any other country concerned, forbids it. Readers of this message are requested to ensure that they are legally authorised to access this website in the country from which the connection is established.<\/p>\t\t\t\t\t\t\t\t<\/div>\n\t\t\t\t<\/div>\n\t\t\t\t\t<\/div>\n\t\t<\/div>\n\t\t\t\t\t<\/div>\n\t\t<\/section>\n\t\t\t\t<\/div>\n\t\t","protected":false},"excerpt":{"rendered":"<p>Legal Notices PUBLISHER : SPORT IMPACT SAS \u00a0 Simplified joint-stock company (soci\u00e9t\u00e9 par actions simplifi\u00e9es, SAS) with a capital of 1,000,000 CFA Francs Senegal Trade and Personal Property Credit Register, No. SN DKR 2020 B 8408. Registered office: Rue 4 x Rue A Immeuble les Arcanes \u2013 Point E Dakar- Senegal Telephone No.: +221 33 [&hellip;]<\/p>\n","protected":false},"author":5,"featured_media":0,"parent":0,"menu_order":0,"comment_status":"closed","ping_status":"closed","template":"","meta":{"footnotes":""},"class_list":["post-737","page","type-page","status-publish","hentry"],"_links":{"self":[{"href":"https:\/\/sport-impact.org\/en\/wp-json\/wp\/v2\/pages\/737","targetHints":{"allow":["GET"]}}],"collection":[{"href":"https:\/\/sport-impact.org\/en\/wp-json\/wp\/v2\/pages"}],"about":[{"href":"https:\/\/sport-impact.org\/en\/wp-json\/wp\/v2\/types\/page"}],"author":[{"embeddable":true,"href":"https:\/\/sport-impact.org\/en\/wp-json\/wp\/v2\/users\/5"}],"replies":[{"embeddable":true,"href":"https:\/\/sport-impact.org\/en\/wp-json\/wp\/v2\/comments?post=737"}],"version-history":[{"count":4,"href":"https:\/\/sport-impact.org\/en\/wp-json\/wp\/v2\/pages\/737\/revisions"}],"predecessor-version":[{"id":1318,"href":"https:\/\/sport-impact.org\/en\/wp-json\/wp\/v2\/pages\/737\/revisions\/1318"}],"wp:attachment":[{"href":"https:\/\/sport-impact.org\/en\/wp-json\/wp\/v2\/media?parent=737"}],"curies":[{"name":"wp","href":"https:\/\/api.w.org\/{rel}","templated":true}]}}